{"id":680,"date":"2014-10-02T18:24:34","date_gmt":"2014-10-02T17:24:34","guid":{"rendered":"http:\/\/bergkumpels.de\/?page_id=680"},"modified":"2014-10-03T16:47:03","modified_gmt":"2014-10-03T15:47:03","slug":"karwendel-2009","status":"publish","type":"page","link":"https:\/\/bergkumpels.de\/?page_id=680","title":{"rendered":"Karwendel 2009"},"content":{"rendered":"<p><a href=\"http:\/\/bergkumpels.de\/wp-content\/uploads\/2014\/10\/huetten_Platzhalter.png\"><img loading=\"lazy\" class=\"alignnone size-medium wp-image-675 aligncenter\" src=\"http:\/\/bergkumpels.de\/wp-content\/uploads\/2014\/10\/huetten_Platzhalter-233x300.png\" alt=\"H\u00fctten_Platzhalter\" width=\"233\" height=\"300\" srcset=\"https:\/\/bergkumpels.de\/wp-content\/uploads\/2014\/10\/huetten_Platzhalter-233x300.png 233w, https:\/\/bergkumpels.de\/wp-content\/uploads\/2014\/10\/huetten_Platzhalter.png 350w\" sizes=\"(max-width: 233px) 100vw, 233px\" \/><\/a><span style=\"font-size: 200%;\">Pleisenh\u00fctte<\/span> (1.757m)<br \/>\n30.07.2009<\/p>\n<p style=\"text-align: right;\"><img loading=\"lazy\" class=\"alignnone wp-image-660 size-full\" src=\"http:\/\/bergkumpels.de\/wp-content\/uploads\/2014\/10\/huetten_wertung4.png\" alt=\"huetten_wertung4\" width=\"200\" height=\"55\" \/><\/p>\n<hr \/>\n<p><a href=\"http:\/\/bergkumpels.de\/wp-content\/uploads\/2014\/10\/huetten_karwendelhaus.png\"><img loading=\"lazy\" class=\"alignnone wp-image-653 size-medium aligncenter\" src=\"http:\/\/bergkumpels.de\/wp-content\/uploads\/2014\/10\/huetten_karwendelhaus-233x300.png\" alt=\"Karwendelhaus\" width=\"233\" height=\"300\" srcset=\"https:\/\/bergkumpels.de\/wp-content\/uploads\/2014\/10\/huetten_karwendelhaus-233x300.png 233w, https:\/\/bergkumpels.de\/wp-content\/uploads\/2014\/10\/huetten_karwendelhaus.png 350w\" sizes=\"(max-width: 233px) 100vw, 233px\" \/><\/a><span style=\"font-size: 200%;\">Karwendelhaus<\/span> (1.765m)<br \/>\n31.07.2009<\/p>\n<p style=\"text-align: right;\"><img loading=\"lazy\" class=\"alignnone wp-image-659 size-full\" src=\"http:\/\/bergkumpels.de\/wp-content\/uploads\/2014\/10\/huetten_wertung3.png\" alt=\"huetten_wertung3\" width=\"200\" height=\"55\" \/><\/p>\n<hr \/>\n<p><a href=\"http:\/\/bergkumpels.de\/wp-content\/uploads\/2014\/10\/huetten_hochland-huette.png\"><img loading=\"lazy\" class=\"alignnone wp-image-652 size-medium aligncenter\" src=\"http:\/\/bergkumpels.de\/wp-content\/uploads\/2014\/10\/huetten_hochland-huette-233x300.png\" alt=\"Hochland-H\u00fctte\" width=\"233\" height=\"300\" srcset=\"https:\/\/bergkumpels.de\/wp-content\/uploads\/2014\/10\/huetten_hochland-huette-233x300.png 233w, https:\/\/bergkumpels.de\/wp-content\/uploads\/2014\/10\/huetten_hochland-huette.png 350w\" sizes=\"(max-width: 233px) 100vw, 233px\" \/><\/a><span style=\"font-size: 200%;\">Hochlandh\u00fctte<\/span> (1.623m)<br \/>\n01.08.2009<\/p>\n<p style=\"text-align: right;\"><img loading=\"lazy\" class=\"alignnone wp-image-659 size-full\" src=\"http:\/\/bergkumpels.de\/wp-content\/uploads\/2014\/10\/huetten_wertung3.png\" alt=\"\" width=\"200\" height=\"55\" \/><\/p>\n<hr \/>\n<p style=\"text-align: center;\"><a href=\"http:\/\/bergkumpels.de\/wp-content\/uploads\/2014\/10\/huetten_Platzhalter.png\"><img loading=\"lazy\" class=\"alignnone size-medium wp-image-675\" src=\"http:\/\/bergkumpels.de\/wp-content\/uploads\/2014\/10\/huetten_Platzhalter-233x300.png\" alt=\"H\u00fctten_Platzhalter\" width=\"233\" height=\"300\" srcset=\"https:\/\/bergkumpels.de\/wp-content\/uploads\/2014\/10\/huetten_Platzhalter-233x300.png 233w, https:\/\/bergkumpels.de\/wp-content\/uploads\/2014\/10\/huetten_Platzhalter.png 350w\" sizes=\"(max-width: 233px) 100vw, 233px\" \/><\/a><\/p>\n<p><span style=\"font-size: 200%;\">Mittenwalder H\u00fctte<\/span> (1.518m)<br \/>\n02.08.2009<\/p>\n<p style=\"text-align: right;\"><img loading=\"lazy\" class=\"alignnone wp-image-657 size-full\" src=\"http:\/\/bergkumpels.de\/wp-content\/uploads\/2014\/10\/huetten_wertung1.png\" alt=\"\" width=\"200\" height=\"55\" \/><\/p>\n<hr \/>\n<p style=\"text-align: center;\"><a href=\"http:\/\/bergkumpels.de\/wp-content\/uploads\/2014\/10\/huetten_brunnstein-huette.png\"><img loading=\"lazy\" class=\"alignnone wp-image-651 size-medium\" src=\"http:\/\/bergkumpels.de\/wp-content\/uploads\/2014\/10\/huetten_brunnstein-huette-233x300.png\" alt=\"\" width=\"233\" height=\"300\" srcset=\"https:\/\/bergkumpels.de\/wp-content\/uploads\/2014\/10\/huetten_brunnstein-huette-233x300.png 233w, https:\/\/bergkumpels.de\/wp-content\/uploads\/2014\/10\/huetten_brunnstein-huette.png 350w\" sizes=\"(max-width: 233px) 100vw, 233px\" \/><\/a><\/p>\n<p><span style=\"font-size: 200%;\">Brunnsteinh\u00fctte<\/span> (1.560m)<br \/>\n03.08.2009<\/p>\n<p style=\"text-align: right;\"><img loading=\"lazy\" class=\"alignnone wp-image-661 size-full\" src=\"http:\/\/bergkumpels.de\/wp-content\/uploads\/2014\/10\/huetten_wertung5.png\" alt=\"\" width=\"200\" height=\"55\" \/><\/p>\n<hr \/>\n<p>&nbsp;<\/p>\n","protected":false},"excerpt":{"rendered":"<p>Pleisenh\u00fctte (1.757m) 30.07.2009 Karwendelhaus (1.765m) 31.07.2009 Hochlandh\u00fctte (1.623m) 01.08.2009 Mittenwalder H\u00fctte (1.518m) 02.08.2009 Brunnsteinh\u00fctte (1.560m) 03.08.2009 &nbsp;<\/p>\n","protected":false},"author":1,"featured_media":0,"parent":650,"menu_order":2,"comment_status":"open","ping_status":"open","template":"","meta":[],"_links":{"self":[{"href":"https:\/\/bergkumpels.de\/index.php?rest_route=\/wp\/v2\/pages\/680"}],"collection":[{"href":"https:\/\/bergkumpels.de\/index.php?rest_route=\/wp\/v2\/pages"}],"about":[{"href":"https:\/\/bergkumpels.de\/index.php?rest_route=\/wp\/v2\/types\/page"}],"author":[{"embeddable":true,"href":"https:\/\/bergkumpels.de\/index.php?rest_route=\/wp\/v2\/users\/1"}],"replies":[{"embeddable":true,"href":"https:\/\/bergkumpels.de\/index.php?rest_route=%2Fwp%2Fv2%2Fcomments&post=680"}],"version-history":[{"count":2,"href":"https:\/\/bergkumpels.de\/index.php?rest_route=\/wp\/v2\/pages\/680\/revisions"}],"predecessor-version":[{"id":691,"href":"https:\/\/bergkumpels.de\/index.php?rest_route=\/wp\/v2\/pages\/680\/revisions\/691"}],"up":[{"embeddable":true,"href":"https:\/\/bergkumpels.de\/index.php?rest_route=\/wp\/v2\/pages\/650"}],"wp:attachment":[{"href":"https:\/\/bergkumpels.de\/index.php?rest_route=%2Fwp%2Fv2%2Fmedia&parent=680"}],"curies":[{"name":"wp","href":"https:\/\/api.w.org\/{rel}","templated":true}]}}