{"id":685,"date":"2014-10-03T16:37:15","date_gmt":"2014-10-03T15:37:15","guid":{"rendered":"http:\/\/bergkumpels.de\/?page_id=685"},"modified":"2014-10-03T16:45:08","modified_gmt":"2014-10-03T15:45:08","slug":"allgaeuer-alpen-2010","status":"publish","type":"page","link":"https:\/\/bergkumpels.de\/?page_id=685","title":{"rendered":"Allg\u00e4uer Alpen 2010"},"content":{"rendered":"<p><a href=\"http:\/\/bergkumpels.de\/wp-content\/uploads\/2014\/10\/huetten_Platzhalter.png\"><img loading=\"lazy\" class=\"alignnone size-medium wp-image-675 aligncenter\" src=\"http:\/\/bergkumpels.de\/wp-content\/uploads\/2014\/10\/huetten_Platzhalter-233x300.png\" alt=\"H\u00fctten_Platzhalter\" width=\"233\" height=\"300\" srcset=\"https:\/\/bergkumpels.de\/wp-content\/uploads\/2014\/10\/huetten_Platzhalter-233x300.png 233w, https:\/\/bergkumpels.de\/wp-content\/uploads\/2014\/10\/huetten_Platzhalter.png 350w\" sizes=\"(max-width: 233px) 100vw, 233px\" \/><\/a><span style=\"font-size: 200%;\">Berghaus Sch\u00f6nblick<\/span> (1.358m)<br \/>\n28.07.2010<\/p>\n<p style=\"text-align: right;\"><img loading=\"lazy\" class=\"alignnone wp-image-659 size-full\" src=\"http:\/\/bergkumpels.de\/wp-content\/uploads\/2014\/10\/huetten_wertung3.png\" alt=\"\" width=\"200\" height=\"55\" \/><\/p>\n<hr \/>\n<p><a href=\"http:\/\/bergkumpels.de\/wp-content\/uploads\/2014\/10\/huetten_Platzhalter.png\"><img loading=\"lazy\" class=\"alignnone size-medium wp-image-675 aligncenter\" src=\"http:\/\/bergkumpels.de\/wp-content\/uploads\/2014\/10\/huetten_Platzhalter-233x300.png\" alt=\"H\u00fctten_Platzhalter\" width=\"233\" height=\"300\" srcset=\"https:\/\/bergkumpels.de\/wp-content\/uploads\/2014\/10\/huetten_Platzhalter-233x300.png 233w, https:\/\/bergkumpels.de\/wp-content\/uploads\/2014\/10\/huetten_Platzhalter.png 350w\" sizes=\"(max-width: 233px) 100vw, 233px\" \/><\/a><span style=\"font-size: 200%;\">Fiderepassh\u00fctte<\/span> (2.070m)<br \/>\n29.07.2010<\/p>\n<p style=\"text-align: right;\"><img loading=\"lazy\" class=\"alignnone wp-image-660 size-full\" src=\"http:\/\/bergkumpels.de\/wp-content\/uploads\/2014\/10\/huetten_wertung4.png\" alt=\"\" width=\"200\" height=\"55\" \/><\/p>\n<hr \/>\n<p><a href=\"http:\/\/bergkumpels.de\/wp-content\/uploads\/2014\/10\/huetten_Platzhalter.png\"><img loading=\"lazy\" class=\"alignnone size-medium wp-image-675 aligncenter\" src=\"http:\/\/bergkumpels.de\/wp-content\/uploads\/2014\/10\/huetten_Platzhalter-233x300.png\" alt=\"H\u00fctten_Platzhalter\" width=\"233\" height=\"300\" srcset=\"https:\/\/bergkumpels.de\/wp-content\/uploads\/2014\/10\/huetten_Platzhalter-233x300.png 233w, https:\/\/bergkumpels.de\/wp-content\/uploads\/2014\/10\/huetten_Platzhalter.png 350w\" sizes=\"(max-width: 233px) 100vw, 233px\" \/><\/a><span style=\"font-size: 200%;\">Mindelheimer H\u00fctte<\/span> (1.518m)<br \/>\n30.07.2010<\/p>\n<p style=\"text-align: right;\"><img loading=\"lazy\" class=\"alignnone wp-image-658 size-full\" src=\"http:\/\/bergkumpels.de\/wp-content\/uploads\/2014\/10\/huetten_wertung2.png\" alt=\"\" width=\"200\" height=\"55\" \/><\/p>\n<hr \/>\n<p><a href=\"http:\/\/bergkumpels.de\/wp-content\/uploads\/2014\/10\/huetten_Platzhalter.png\"><img loading=\"lazy\" class=\"alignnone size-medium wp-image-675 aligncenter\" src=\"http:\/\/bergkumpels.de\/wp-content\/uploads\/2014\/10\/huetten_Platzhalter-233x300.png\" alt=\"H\u00fctten_Platzhalter\" width=\"233\" height=\"300\" srcset=\"https:\/\/bergkumpels.de\/wp-content\/uploads\/2014\/10\/huetten_Platzhalter-233x300.png 233w, https:\/\/bergkumpels.de\/wp-content\/uploads\/2014\/10\/huetten_Platzhalter.png 350w\" sizes=\"(max-width: 233px) 100vw, 233px\" \/><\/a><span style=\"font-size: 200%;\">Rappenseeh\u00fctte<\/span> (2.091m)<br \/>\n31.07.2010<\/p>\n<p style=\"text-align: right;\"><img loading=\"lazy\" class=\"alignnone wp-image-658 size-full\" src=\"http:\/\/bergkumpels.de\/wp-content\/uploads\/2014\/10\/huetten_wertung2.png\" alt=\"\" width=\"200\" height=\"55\" \/><\/p>\n<hr \/>\n<p><a href=\"http:\/\/bergkumpels.de\/wp-content\/uploads\/2014\/10\/huetten_Platzhalter.png\"><img loading=\"lazy\" class=\"alignnone size-medium wp-image-675 aligncenter\" src=\"http:\/\/bergkumpels.de\/wp-content\/uploads\/2014\/10\/huetten_Platzhalter-233x300.png\" alt=\"H\u00fctten_Platzhalter\" width=\"233\" height=\"300\" srcset=\"https:\/\/bergkumpels.de\/wp-content\/uploads\/2014\/10\/huetten_Platzhalter-233x300.png 233w, https:\/\/bergkumpels.de\/wp-content\/uploads\/2014\/10\/huetten_Platzhalter.png 350w\" sizes=\"(max-width: 233px) 100vw, 233px\" \/><\/a><span style=\"font-size: 200%;\">Kemptner H\u00fctte<\/span> (1.846m)<br \/>\n01.08.2010<\/p>\n<p style=\"text-align: right;\"><img loading=\"lazy\" class=\"alignnone wp-image-658 size-full\" src=\"http:\/\/bergkumpels.de\/wp-content\/uploads\/2014\/10\/huetten_wertung2.png\" alt=\"\" width=\"200\" height=\"55\" \/><\/p>\n<hr \/>\n","protected":false},"excerpt":{"rendered":"<p>Berghaus Sch\u00f6nblick (1.358m) 28.07.2010 Fiderepassh\u00fctte (2.070m) 29.07.2010 Mindelheimer H\u00fctte (1.518m) 30.07.2010 Rappenseeh\u00fctte (2.091m) 31.07.2010 Kemptner H\u00fctte (1.846m) 01.08.2010<\/p>\n","protected":false},"author":1,"featured_media":0,"parent":650,"menu_order":3,"comment_status":"open","ping_status":"open","template":"","meta":[],"_links":{"self":[{"href":"https:\/\/bergkumpels.de\/index.php?rest_route=\/wp\/v2\/pages\/685"}],"collection":[{"href":"https:\/\/bergkumpels.de\/index.php?rest_route=\/wp\/v2\/pages"}],"about":[{"href":"https:\/\/bergkumpels.de\/index.php?rest_route=\/wp\/v2\/types\/page"}],"author":[{"embeddable":true,"href":"https:\/\/bergkumpels.de\/index.php?rest_route=\/wp\/v2\/users\/1"}],"replies":[{"embeddable":true,"href":"https:\/\/bergkumpels.de\/index.php?rest_route=%2Fwp%2Fv2%2Fcomments&post=685"}],"version-history":[{"count":5,"href":"https:\/\/bergkumpels.de\/index.php?rest_route=\/wp\/v2\/pages\/685\/revisions"}],"predecessor-version":[{"id":690,"href":"https:\/\/bergkumpels.de\/index.php?rest_route=\/wp\/v2\/pages\/685\/revisions\/690"}],"up":[{"embeddable":true,"href":"https:\/\/bergkumpels.de\/index.php?rest_route=\/wp\/v2\/pages\/650"}],"wp:attachment":[{"href":"https:\/\/bergkumpels.de\/index.php?rest_route=%2Fwp%2Fv2%2Fmedia&parent=685"}],"curies":[{"name":"wp","href":"https:\/\/api.w.org\/{rel}","templated":true}]}}