{"id":699,"date":"2014-10-03T17:18:15","date_gmt":"2014-10-03T16:18:15","guid":{"rendered":"http:\/\/bergkumpels.de\/?page_id=699"},"modified":"2014-10-05T12:47:14","modified_gmt":"2014-10-05T11:47:14","slug":"tannheimer-gebirge-2013","status":"publish","type":"page","link":"https:\/\/bergkumpels.de\/?page_id=699","title":{"rendered":"Tannheimer Gebirge 2013"},"content":{"rendered":"<p style=\"text-align: center;\"><span style=\"font-size: 200%;\"><a href=\"http:\/\/bergkumpels.de\/wp-content\/uploads\/2014\/10\/huetten_bad_kissinger_huette.png\"><img loading=\"lazy\" class=\"alignnone wp-image-722 size-medium\" src=\"http:\/\/bergkumpels.de\/wp-content\/uploads\/2014\/10\/huetten_bad_kissinger_huette-233x300.png\" alt=\"\" width=\"233\" height=\"300\" srcset=\"https:\/\/bergkumpels.de\/wp-content\/uploads\/2014\/10\/huetten_bad_kissinger_huette-233x300.png 233w, https:\/\/bergkumpels.de\/wp-content\/uploads\/2014\/10\/huetten_bad_kissinger_huette.png 350w\" sizes=\"(max-width: 233px) 100vw, 233px\" \/><\/a><\/span><\/p>\n<p><span style=\"font-size: 200%;\">Bad Kissinger H\u00fctte<\/span> (1.788m)<br \/>\n15.08.2013<\/p>\n<p>Von Gr\u00e4n aus war der Bad Kissinger H\u00fctte bereits zu sehen. Circa 2 Stunden Aufstieg, erst durch dem Dorf, dann in Serpentinen steil Bergauf.<\/p>\n<p>In der H\u00fctte gab es dann erst mal Verwirrung. Der Reservierung war nicht auffindbar, auch nach mehrmaligem Nachfragen und eMails checken. Komisch. Es gab aber noch Platz, im Zimmer unter der Terrasse. Wahrscheinlich war es da ruhiger dann in der Rest von der H\u00fctte: klein und recht \u00fcberf\u00fcllt. Zu Abendbrot w\u00fcrden wir an ein Tisch gesetzt, wo schon vier andere sa\u00dfen, und es eigentlich nur f\u00fcr sechs Leute Platz gab.<\/p>\n<p style=\"text-align: right;\"><a href=\"http:\/\/bergkumpels.de\/wp-content\/uploads\/2014\/10\/huetten_wertung2.png\"><img loading=\"lazy\" class=\"alignnone wp-image-658 size-full\" src=\"http:\/\/bergkumpels.de\/wp-content\/uploads\/2014\/10\/huetten_wertung2.png\" alt=\"\" width=\"200\" height=\"55\" \/><\/a><\/p>\n<hr \/>\n<p style=\"text-align: center;\"><span style=\"font-size: 200%;\"><a href=\"http:\/\/bergkumpels.de\/wp-content\/uploads\/2014\/10\/huetten_otto-mayr-huette.png\"><img loading=\"lazy\" class=\"alignnone wp-image-723 size-medium\" src=\"http:\/\/bergkumpels.de\/wp-content\/uploads\/2014\/10\/huetten_otto-mayr-huette-233x300.png\" alt=\"\" width=\"233\" height=\"300\" srcset=\"https:\/\/bergkumpels.de\/wp-content\/uploads\/2014\/10\/huetten_otto-mayr-huette-233x300.png 233w, https:\/\/bergkumpels.de\/wp-content\/uploads\/2014\/10\/huetten_otto-mayr-huette.png 350w\" sizes=\"(max-width: 233px) 100vw, 233px\" \/><\/a><\/span><\/p>\n<p><span style=\"font-size: 200%;\">Otto Mayr-H\u00fctte<\/span> (1.530m)<br \/>\n16.08.2013<\/p>\n<p>Der Otto-Mayer H\u00fctte liegt idyllisch im Sabachtal, zwischen Schlicke und Hochgimpel. Sehr liebevoll gepflegt mit nette Wirtsleute. Leckeres Essen und bequeme Schlafpl\u00e4tze im 5 Betten Zimmerlager. Durch die d\u00fcnne Holzw\u00e4nde recht hellh\u00f6rig, aber auf jeder Kopfkissen lag ein T\u00fctchen mit Ohropax\u2026<\/p>\n<p style=\"text-align: right;\">Unser Favorit auf dieser Tour: <a href=\"http:\/\/bergkumpels.de\/wp-content\/uploads\/2014\/10\/huetten_wertung5.png\"><img loading=\"lazy\" class=\"alignnone wp-image-661 size-full\" src=\"http:\/\/bergkumpels.de\/wp-content\/uploads\/2014\/10\/huetten_wertung5.png\" alt=\"\" width=\"200\" height=\"55\" \/><\/a><\/p>\n<hr \/>\n<p style=\"text-align: center;\"><span style=\"font-size: 200%;\"><a href=\"http:\/\/bergkumpels.de\/wp-content\/uploads\/2014\/10\/huetten_tannheimer-huette.png\"><img loading=\"lazy\" class=\"alignnone wp-image-724 size-medium\" src=\"http:\/\/bergkumpels.de\/wp-content\/uploads\/2014\/10\/huetten_tannheimer-huette-233x300.png\" alt=\"\" width=\"233\" height=\"300\" srcset=\"https:\/\/bergkumpels.de\/wp-content\/uploads\/2014\/10\/huetten_tannheimer-huette-233x300.png 233w, https:\/\/bergkumpels.de\/wp-content\/uploads\/2014\/10\/huetten_tannheimer-huette.png 350w\" sizes=\"(max-width: 233px) 100vw, 233px\" \/><\/a><\/span><\/p>\n<p><span style=\"font-size: 200%;\">Tannheimer H\u00fctte<\/span> (1.760m)<br \/>\n17.08.2013<\/p>\n<p>Wo fangen wir an? Die (alte) Tannheimer-H\u00fctte klein und beengt und vollgestopf bis zum geht-nicht-mehr. Sehr rustikal, also. Was es echt schlimm machte war die H\u00fcttenwirtin die mit ihr ich-bin-so-lustig rustikale Art alles versaute. Unsere R\u00fccks\u00e4cke mussten wir im abseits gelegenen Seilbahnhaus bringen &#8211; wegen die Ratten. Hmmm. Das Matrazenlager sehr klein und \u00fcberf\u00fcllt, die Toiletten klein und dreckig.<\/p>\n<p style=\"text-align: right;\"><a href=\"http:\/\/bergkumpels.de\/wp-content\/uploads\/2014\/10\/huetten_wertung1.png\"><img loading=\"lazy\" class=\"alignnone wp-image-657 size-full\" src=\"http:\/\/bergkumpels.de\/wp-content\/uploads\/2014\/10\/huetten_wertung1.png\" alt=\"\" width=\"200\" height=\"55\" \/><\/a><\/p>\n<hr \/>\n","protected":false},"excerpt":{"rendered":"<p>Bad Kissinger H\u00fctte (1.788m) 15.08.2013 Von Gr\u00e4n aus war der Bad Kissinger H\u00fctte bereits zu sehen. Circa 2 Stunden Aufstieg, erst durch dem Dorf, dann in Serpentinen steil Bergauf. In der H\u00fctte gab es dann erst mal Verwirrung. Der Reservierung &hellip; <a href=\"https:\/\/bergkumpels.de\/?page_id=699\">Weiterlesen <span class=\"meta-nav\">&rarr;<\/span><\/a><\/p>\n","protected":false},"author":1,"featured_media":0,"parent":650,"menu_order":6,"comment_status":"open","ping_status":"open","template":"","meta":[],"_links":{"self":[{"href":"https:\/\/bergkumpels.de\/index.php?rest_route=\/wp\/v2\/pages\/699"}],"collection":[{"href":"https:\/\/bergkumpels.de\/index.php?rest_route=\/wp\/v2\/pages"}],"about":[{"href":"https:\/\/bergkumpels.de\/index.php?rest_route=\/wp\/v2\/types\/page"}],"author":[{"embeddable":true,"href":"https:\/\/bergkumpels.de\/index.php?rest_route=\/wp\/v2\/users\/1"}],"replies":[{"embeddable":true,"href":"https:\/\/bergkumpels.de\/index.php?rest_route=%2Fwp%2Fv2%2Fcomments&post=699"}],"version-history":[{"count":5,"href":"https:\/\/bergkumpels.de\/index.php?rest_route=\/wp\/v2\/pages\/699\/revisions"}],"predecessor-version":[{"id":726,"href":"https:\/\/bergkumpels.de\/index.php?rest_route=\/wp\/v2\/pages\/699\/revisions\/726"}],"up":[{"embeddable":true,"href":"https:\/\/bergkumpels.de\/index.php?rest_route=\/wp\/v2\/pages\/650"}],"wp:attachment":[{"href":"https:\/\/bergkumpels.de\/index.php?rest_route=%2Fwp%2Fv2%2Fmedia&parent=699"}],"curies":[{"name":"wp","href":"https:\/\/api.w.org\/{rel}","templated":true}]}}