{"id":708,"date":"2014-10-03T18:02:43","date_gmt":"2014-10-03T17:02:43","guid":{"rendered":"http:\/\/bergkumpels.de\/?page_id=708"},"modified":"2014-10-05T13:26:05","modified_gmt":"2014-10-05T12:26:05","slug":"chiemgauer-runde-2104","status":"publish","type":"page","link":"https:\/\/bergkumpels.de\/?page_id=708","title":{"rendered":"Chiemgauer Runde 2014"},"content":{"rendered":"<p style=\"text-align: center;\"><span style=\"font-size: 200%;\"><a href=\"http:\/\/bergkumpels.de\/wp-content\/uploads\/2014\/10\/huetten_sonnenalm1.png\"><img loading=\"lazy\" class=\"alignnone wp-image-727 size-medium\" src=\"http:\/\/bergkumpels.de\/wp-content\/uploads\/2014\/10\/huetten_sonnenalm1-233x300.png\" alt=\"\" width=\"233\" height=\"300\" srcset=\"https:\/\/bergkumpels.de\/wp-content\/uploads\/2014\/10\/huetten_sonnenalm1-233x300.png 233w, https:\/\/bergkumpels.de\/wp-content\/uploads\/2014\/10\/huetten_sonnenalm1.png 350w\" sizes=\"(max-width: 233px) 100vw, 233px\" \/><\/a><\/span><\/p>\n<p><span style=\"font-size: 200%;\">SonnenAlm<\/span> (1.500m)<br \/>\n08.09.2014<\/p>\n<p>Super eingerichtete Alm \u2013 kein Bergh\u00fctte, mehr ein Designhotel auf 1.500 Meter \u2013 Schickes Design mit viel Holz und liebevolle Details. Topp Waschr\u00e4ume mit gratis hei\u00dfe Dusche.<br \/>\n\u00dcbernachtung im 5-Bett Zimmerlager mit Halbpension.<br \/>\nDas 3-G\u00e4nge Abendessen war sehr gut und auch das Fr\u00fchst\u00fccks-Buffet reichhaltig und lecker&#8230;<\/p>\n<p style=\"text-align: right;\">Unser Favorit dieser Tour: <img loading=\"lazy\" class=\"alignnone wp-image-661 size-full\" src=\"http:\/\/bergkumpels.de\/wp-content\/uploads\/2014\/10\/huetten_wertung5.png\" alt=\"\" width=\"200\" height=\"55\" \/><\/p>\n<hr \/>\n<p style=\"text-align: center;\"><span style=\"font-size: 200%;\"><a href=\"http:\/\/bergkumpels.de\/wp-content\/uploads\/2014\/10\/huetten_priener-huette.png\"><img loading=\"lazy\" class=\"alignnone wp-image-715 size-medium\" src=\"http:\/\/bergkumpels.de\/wp-content\/uploads\/2014\/10\/huetten_priener-huette-233x300.png\" alt=\"\" width=\"233\" height=\"300\" srcset=\"https:\/\/bergkumpels.de\/wp-content\/uploads\/2014\/10\/huetten_priener-huette-233x300.png 233w, https:\/\/bergkumpels.de\/wp-content\/uploads\/2014\/10\/huetten_priener-huette.png 350w\" sizes=\"(max-width: 233px) 100vw, 233px\" \/><\/a><\/span><\/p>\n<p><span style=\"font-size: 200%;\">Priener H\u00fctte<\/span> (1.410m)<br \/>\n09.09.2014<\/p>\n<p style=\"text-align: right;\"><a href=\"http:\/\/bergkumpels.de\/wp-content\/uploads\/2014\/10\/huetten_wertung4.png\"><img loading=\"lazy\" class=\"alignnone wp-image-660 size-full\" src=\"http:\/\/bergkumpels.de\/wp-content\/uploads\/2014\/10\/huetten_wertung4.png\" alt=\"\" width=\"200\" height=\"55\" \/><\/a><\/p>\n<hr \/>\n<p style=\"text-align: center;\"><span style=\"font-size: 200%;\"><a href=\"http:\/\/bergkumpels.de\/wp-content\/uploads\/2014\/10\/huetten_spitzsteinhaus1.png\"><img loading=\"lazy\" class=\"alignnone wp-image-720 size-medium\" src=\"http:\/\/bergkumpels.de\/wp-content\/uploads\/2014\/10\/huetten_spitzsteinhaus1-233x300.png\" alt=\"\" width=\"233\" height=\"300\" srcset=\"https:\/\/bergkumpels.de\/wp-content\/uploads\/2014\/10\/huetten_spitzsteinhaus1-233x300.png 233w, https:\/\/bergkumpels.de\/wp-content\/uploads\/2014\/10\/huetten_spitzsteinhaus1.png 350w\" sizes=\"(max-width: 233px) 100vw, 233px\" \/><\/a><\/span><\/p>\n<p><span style=\"font-size: 200%;\">Spitzsteinhaus<\/span> (1.252m)<br \/>\n10.09.2014<\/p>\n<p style=\"text-align: right;\"><a href=\"http:\/\/bergkumpels.de\/wp-content\/uploads\/2014\/10\/huetten_wertung2.png\"><img loading=\"lazy\" class=\"alignnone wp-image-658 size-full\" src=\"http:\/\/bergkumpels.de\/wp-content\/uploads\/2014\/10\/huetten_wertung2.png\" alt=\"\" width=\"200\" height=\"55\" \/><\/a><\/p>\n<hr \/>\n<p style=\"text-align: center;\"><span style=\"font-size: 200%;\"><a href=\"http:\/\/bergkumpels.de\/wp-content\/uploads\/2014\/10\/huetten_hochrieshuette.png\"><img loading=\"lazy\" class=\"alignnone wp-image-719 size-medium\" src=\"http:\/\/bergkumpels.de\/wp-content\/uploads\/2014\/10\/huetten_hochrieshuette-233x300.png\" alt=\"\" width=\"233\" height=\"300\" srcset=\"https:\/\/bergkumpels.de\/wp-content\/uploads\/2014\/10\/huetten_hochrieshuette-233x300.png 233w, https:\/\/bergkumpels.de\/wp-content\/uploads\/2014\/10\/huetten_hochrieshuette.png 350w\" sizes=\"(max-width: 233px) 100vw, 233px\" \/><\/a><\/span><\/p>\n<p><span style=\"font-size: 200%;\">Hochriesh\u00fctte<\/span> (1.569m)<br \/>\n11.09.2014<\/p>\n<p style=\"text-align: right;\"><a href=\"http:\/\/bergkumpels.de\/wp-content\/uploads\/2014\/10\/huetten_wertung4.png\"><img loading=\"lazy\" class=\"alignnone wp-image-660 size-full\" src=\"http:\/\/bergkumpels.de\/wp-content\/uploads\/2014\/10\/huetten_wertung4.png\" alt=\"\" width=\"200\" height=\"55\" \/><\/a><\/p>\n<hr \/>\n","protected":false},"excerpt":{"rendered":"<p>SonnenAlm (1.500m) 08.09.2014 Super eingerichtete Alm \u2013 kein Bergh\u00fctte, mehr ein Designhotel auf 1.500 Meter \u2013 Schickes Design mit viel Holz und liebevolle Details. Topp Waschr\u00e4ume mit gratis hei\u00dfe Dusche. \u00dcbernachtung im 5-Bett Zimmerlager mit Halbpension. Das 3-G\u00e4nge Abendessen war &hellip; <a href=\"https:\/\/bergkumpels.de\/?page_id=708\">Weiterlesen <span class=\"meta-nav\">&rarr;<\/span><\/a><\/p>\n","protected":false},"author":1,"featured_media":0,"parent":650,"menu_order":7,"comment_status":"open","ping_status":"open","template":"","meta":[],"_links":{"self":[{"href":"https:\/\/bergkumpels.de\/index.php?rest_route=\/wp\/v2\/pages\/708"}],"collection":[{"href":"https:\/\/bergkumpels.de\/index.php?rest_route=\/wp\/v2\/pages"}],"about":[{"href":"https:\/\/bergkumpels.de\/index.php?rest_route=\/wp\/v2\/types\/page"}],"author":[{"embeddable":true,"href":"https:\/\/bergkumpels.de\/index.php?rest_route=\/wp\/v2\/users\/1"}],"replies":[{"embeddable":true,"href":"https:\/\/bergkumpels.de\/index.php?rest_route=%2Fwp%2Fv2%2Fcomments&post=708"}],"version-history":[{"count":7,"href":"https:\/\/bergkumpels.de\/index.php?rest_route=\/wp\/v2\/pages\/708\/revisions"}],"predecessor-version":[{"id":728,"href":"https:\/\/bergkumpels.de\/index.php?rest_route=\/wp\/v2\/pages\/708\/revisions\/728"}],"up":[{"embeddable":true,"href":"https:\/\/bergkumpels.de\/index.php?rest_route=\/wp\/v2\/pages\/650"}],"wp:attachment":[{"href":"https:\/\/bergkumpels.de\/index.php?rest_route=%2Fwp%2Fv2%2Fmedia&parent=708"}],"curies":[{"name":"wp","href":"https:\/\/api.w.org\/{rel}","templated":true}]}}