{"id":753,"date":"2015-05-24T08:35:21","date_gmt":"2015-05-24T07:35:21","guid":{"rendered":"http:\/\/bergkumpels.de\/?page_id=753"},"modified":"2015-05-24T15:48:36","modified_gmt":"2015-05-24T14:48:36","slug":"bibliothek","status":"publish","type":"page","link":"https:\/\/bergkumpels.de\/?page_id=753","title":{"rendered":"Bibliothek"},"content":{"rendered":"<p><strong>Kaisergebirge<\/strong>\u00a0 (Tirol\u00a0\/ \u00d6sterreich)<br \/>\nTouren:<br \/>\n<a href=\"https:\/\/dl.dropboxusercontent.com\/u\/29678068\/Kaisergebirge\/Kaisergebirge%20-%20Wilde%20Kaiser%20-%20%20Panorama%202014-02.pdf\">Wilde Kaiser<\/a> <span style=\"font-size: 75%;\">(DAV Panorama 2014-02)<\/span><\/p>\n<p><strong>Lechquellengebirge<\/strong>\u00a0 (Arlberg \/ \u00d6sterreich)<br \/>\nTouren:<br \/>\n<a href=\"http:\/\/bergkumpels.de\/wp-content\/uploads\/2015\/05\/Lechquellengebirge-Panorama-2013-04.pdf\">Lechquellengebirge<\/a> <span style=\"font-size: 75%;\">(DAV Panorama 2013-04)<\/span><br \/>\n<a href=\"https:\/\/dl.dropboxusercontent.com\/u\/29678068\/Lechquellengebirge\/Lechquellengebirge%20Durchquerung%20-%20Bergsteiger%2006-2015.pdf\" target=\"_blank\">Lechquellengebirge Durchquerung<\/a> <span style=\"font-size: 75%;\">(Bergsteiger 06-2015)<\/span><br \/>\nH\u00fctten:<br \/>\n<a href=\"http:\/\/bergkumpels.de\/wp-content\/uploads\/2015\/05\/Lechquellengebirge-Frederic-Simms-H\u00fctte-Panorama-2008-05.pdf\">Frederic-Simms-H\u00fctte<\/a> <span style=\"font-size: 75%;\">(DAV Panorama 2008-05)<\/span><br \/>\n<a href=\"http:\/\/bergkumpels.de\/wp-content\/uploads\/2015\/05\/Lechquellengebirge-Freiburger-H\u00fctte-Panorama-2012-03.pdf\">Freiburger H\u00fctte<\/a> <span style=\"font-size: 75%;\">(DAV Panorama 2012-03)<\/span><br \/>\n<a href=\"http:\/\/bergkumpels.de\/wp-content\/uploads\/2015\/05\/Lechquellengebirge-Ravensburger-H\u00fctte.pdf\">Ravensburger H\u00fctte<\/a> <span style=\"font-size: 75%;\">(DAV Panorma)<\/span><br \/>\n<a href=\"http:\/\/bergkumpels.de\/wp-content\/uploads\/2015\/05\/Lechquellengebirge-St\u00fcttgarter-H\u00fctte-Panorama-2010-03.pdf\">Stuttgarter H\u00fctte<\/a> <span style=\"font-size: 75%;\">(DAV Panorama 2010-03)<\/span><\/p>\n<p><strong>Karnischen Alpen<\/strong> Friedensweg (Italien \/ \u00d6sterreich)<br \/>\nTouren:<br \/>\n<a href=\"https:\/\/dl.dropboxusercontent.com\/u\/29678068\/Karnischen%20Alpen\/Karnischer%20H%C3%B6henweg%20-%20Panorama%202013-04.pdf\">Karnischer Ho\u0308henweg<\/a> <span style=\"font-size: 75%;\">(DAV Panorama 2013-04)<\/span><\/p>\n<hr \/>\n<p><strong>Allgemein<\/strong><br \/>\nWetter:<br \/>\n<a href=\"https:\/\/dl.dropboxusercontent.com\/u\/29678068\/Allgemein%20-%20Wetter\/Wetter%20-%20Gewitter%20-%20Panorama%202011-05.pdf\">Gewitter<\/a>\u00a0<span style=\"font-size: 75%;\">(Panorama 2011-05)<\/span><br \/>\n<a href=\"https:\/\/dl.dropboxusercontent.com\/u\/29678068\/Allgemein%20-%20Wetter\/Wetter%20-%20H%C3%BCttentouren%20-%20Panorama%202013-04.pdf\">H\u00fcttentouren und das Wetter<\/a>\u00a0<span style=\"font-size: 75%;\">(Panorama 2013-04)<\/span><\/p>\n","protected":false},"excerpt":{"rendered":"<p>Kaisergebirge\u00a0 (Tirol\u00a0\/ \u00d6sterreich) Touren: Wilde Kaiser (DAV Panorama 2014-02) Lechquellengebirge\u00a0 (Arlberg \/ \u00d6sterreich) Touren: Lechquellengebirge (DAV Panorama 2013-04) Lechquellengebirge Durchquerung (Bergsteiger 06-2015) H\u00fctten: Frederic-Simms-H\u00fctte (DAV Panorama 2008-05) Freiburger H\u00fctte (DAV Panorama 2012-03) Ravensburger H\u00fctte (DAV Panorma) Stuttgarter H\u00fctte (DAV Panorama &hellip; <a href=\"https:\/\/bergkumpels.de\/?page_id=753\">Weiterlesen <span class=\"meta-nav\">&rarr;<\/span><\/a><\/p>\n","protected":false},"author":1,"featured_media":0,"parent":0,"menu_order":4,"comment_status":"closed","ping_status":"closed","template":"","meta":[],"_links":{"self":[{"href":"https:\/\/bergkumpels.de\/index.php?rest_route=\/wp\/v2\/pages\/753"}],"collection":[{"href":"https:\/\/bergkumpels.de\/index.php?rest_route=\/wp\/v2\/pages"}],"about":[{"href":"https:\/\/bergkumpels.de\/index.php?rest_route=\/wp\/v2\/types\/page"}],"author":[{"embeddable":true,"href":"https:\/\/bergkumpels.de\/index.php?rest_route=\/wp\/v2\/users\/1"}],"replies":[{"embeddable":true,"href":"https:\/\/bergkumpels.de\/index.php?rest_route=%2Fwp%2Fv2%2Fcomments&post=753"}],"version-history":[{"count":11,"href":"https:\/\/bergkumpels.de\/index.php?rest_route=\/wp\/v2\/pages\/753\/revisions"}],"predecessor-version":[{"id":770,"href":"https:\/\/bergkumpels.de\/index.php?rest_route=\/wp\/v2\/pages\/753\/revisions\/770"}],"wp:attachment":[{"href":"https:\/\/bergkumpels.de\/index.php?rest_route=%2Fwp%2Fv2%2Fmedia&parent=753"}],"curies":[{"name":"wp","href":"https:\/\/api.w.org\/{rel}","templated":true}]}}